{"id":8,"date":"2024-01-11T02:27:45","date_gmt":"2024-01-11T02:27:45","guid":{"rendered":"https:\/\/uvroman.com\/gas\/?page_id=8"},"modified":"2024-01-11T16:50:23","modified_gmt":"2024-01-11T16:50:23","slug":"unidad-aprobada-de-verificacion","status":"publish","type":"page","link":"https:\/\/uvroman.com\/gas\/index.php\/unidad-aprobada-de-verificacion\/","title":{"rendered":"Unidad de Verificaci\u00f3n"},"content":{"rendered":"\n<div class=\"wp-block-group alignfull has-accent-background-color has-background has-global-padding is-layout-constrained wp-container-core-group-is-layout-669513ed wp-block-group-is-layout-constrained\" style=\"margin-top:0;margin-bottom:0;padding-top:var(--wp--preset--spacing--50);padding-right:var(--wp--preset--spacing--50);padding-bottom:var(--wp--preset--spacing--50);padding-left:var(--wp--preset--spacing--50)\">\n<div class=\"wp-block-columns alignwide is-layout-flex wp-container-core-columns-is-layout-1da03c2a wp-block-columns-is-layout-flex\">\n<div class=\"wp-block-column is-vertically-aligned-stretch is-layout-flow wp-block-column-is-layout-flow\" style=\"flex-basis:50%\">\n<div class=\"wp-block-group is-vertical is-content-justification-stretch is-layout-flex wp-container-core-group-is-layout-444d5ee8 wp-block-group-is-layout-flex\" style=\"min-height:100%\">\n<p class=\"has-heading-font-family has-x-large-font-size\" style=\"line-height:1.2\">El Gas L.P. es un poderoso energ\u00e9tico que debe ser almacenado, conducido y utilizado bajo estrictas normas de seguridad.<\/p>\n\n\n\n<div class=\"wp-block-group has-global-padding is-content-justification-left is-layout-constrained wp-container-core-group-is-layout-9fe8ed88 wp-block-group-is-layout-constrained\">\n<p><\/p>\n\n\n\n<div class=\"wp-block-buttons is-layout-flex wp-block-buttons-is-layout-flex\">\n<div class=\"wp-block-button\"><a class=\"wp-block-button__link wp-element-button\">Acerca de nosotros<\/a><\/div>\n<\/div>\n<\/div>\n<\/div>\n<\/div>\n\n\n\n<div class=\"wp-block-column is-vertically-aligned-center is-layout-flow wp-block-column-is-layout-flow\" style=\"flex-basis:50%\">\n<figure class=\"wp-block-image size-large is-style-rounded is-style-rounded--1\"><img decoding=\"async\" src=\"https:\/\/uvroman.com\/gas\/wp-content\/themes\/twentytwentyfour\/assets\/images\/museum.webp\" alt=\"A ramp along a curved wall in the Kiasma Museu, Helsinki, Finland\" style=\"aspect-ratio:3\/4;object-fit:cover\"\/><\/figure>\n<\/div>\n<\/div>\n<\/div>\n\n\n\n<div class=\"wp-block-group alignfull has-base-background-color has-background has-global-padding is-layout-constrained wp-container-core-group-is-layout-d89aad35 wp-block-group-is-layout-constrained\" style=\"margin-top:0;margin-bottom:0;padding-top:var(--wp--preset--spacing--50);padding-right:var(--wp--preset--spacing--50);padding-bottom:var(--wp--preset--spacing--50);padding-left:var(--wp--preset--spacing--50)\">\n<div class=\"wp-block-columns alignwide is-layout-flex wp-container-core-columns-is-layout-549b0c86 wp-block-columns-is-layout-flex\">\n<div class=\"wp-block-column has-global-padding is-content-justification-left is-layout-constrained wp-container-core-column-is-layout-4f15e8fe wp-block-column-is-layout-constrained\" style=\"flex-basis:40%\">\n<p>Utilice solo unidades de verificaci\u00f3n acreditadas por la Sener.<\/p>\n<\/div>\n\n\n\n<div class=\"wp-block-column is-layout-flow wp-container-core-column-is-layout-119bc444 wp-block-column-is-layout-flow\" style=\"flex-basis:60%\">\n<p class=\"has-heading-font-family has-x-large-font-size\" style=\"line-height:1.2\">El Mtro. Jos\u00e9 \u00d3scar Rom\u00e1n Rodr\u00edguez, titular de la Unidad de Verificaci\u00f3n, est\u00e1 ACREDITADO por la Entidad Mexicana de Acreditaci\u00f3n y APROBADO por la Secretar\u00eda de Energ\u00eda, Registro UVSELP 206 C en las siguientes NOM:<\/p>\n\n\n\n<div class=\"wp-block-columns is-layout-flex wp-container-core-columns-is-layout-87beb0d0 wp-block-columns-is-layout-flex\">\n<div class=\"wp-block-column is-layout-flow wp-block-column-is-layout-flow\">\n<p><strong>NOM-004-SEDG-2004,<\/strong> Instalaciones de aprovechamiento de Gas L.P. Dise\u00f1o y construcci\u00f3n.<\/p>\n\n\n\n<p><strong>NOM-005-SESH-2010,<\/strong> Equipos de carburaci\u00f3n de Gas L.P. en motores de combusti\u00f3n interna. Instalaci\u00f3n y mantenimiento.<\/p>\n\n\n\n<p><strong>NOM-007-SESH-2010,<\/strong> Veh\u00edculos para el transporte y distribuci\u00f3n de Gas L.P.- Condiciones de seguridad, operaci\u00f3n y mantenimiento.<\/p>\n\n\n\n<p><\/p>\n<\/div>\n\n\n\n<div class=\"wp-block-column is-layout-flow wp-block-column-is-layout-flow\">\n<p><strong>NOM-013-SEDG-2002,<\/strong> Evaluaci\u00f3n de espesores mediantes medici\u00f3n ultras\u00f3nica usando el m\u00e9todo de pulso-eco, para la verificaci\u00f3n de recipientes tipo no port\u00e1til para contener Gas L.P., en uso.<\/p>\n<\/div>\n<\/div>\n<\/div>\n<\/div>\n<\/div>\n\n\n\n<div class=\"wp-block-group alignfull has-accent-5-background-color has-background has-global-padding is-layout-constrained wp-container-core-group-is-layout-d89aad35 wp-block-group-is-layout-constrained\" style=\"margin-top:0;margin-bottom:0;padding-top:var(--wp--preset--spacing--50);padding-right:var(--wp--preset--spacing--50);padding-bottom:var(--wp--preset--spacing--50);padding-left:var(--wp--preset--spacing--50)\">\n<div class=\"wp-block-columns alignwide is-layout-flex wp-container-core-columns-is-layout-1da03c2a wp-block-columns-is-layout-flex\">\n<div class=\"wp-block-column is-vertically-aligned-center is-layout-flow wp-block-column-is-layout-flow\" style=\"flex-basis:60%\">\n<figure class=\"wp-block-image size-full is-style-default wp-duotone-unset-2\"><img loading=\"lazy\" decoding=\"async\" width=\"550\" height=\"310\" src=\"https:\/\/uvroman.com\/gas\/wp-content\/uploads\/2024\/01\/oscar_roman_canal_de_youtube.jpg\" alt=\"Canal de YouTube de Oscar Roman, unidad de verificaci\u00f3n autorizada\" class=\"wp-image-11\" style=\"aspect-ratio:4\/3;object-fit:contain\" srcset=\"https:\/\/uvroman.com\/gas\/wp-content\/uploads\/2024\/01\/oscar_roman_canal_de_youtube.jpg 550w, https:\/\/uvroman.com\/gas\/wp-content\/uploads\/2024\/01\/oscar_roman_canal_de_youtube-300x169.jpg 300w\" sizes=\"auto, (max-width: 550px) 100vw, 550px\" \/><\/figure>\n<\/div>\n\n\n\n<div class=\"wp-block-column is-layout-flow wp-block-column-is-layout-flow\" style=\"flex-basis:40%\">\n<h2 class=\"wp-block-heading\">Sigue nuestro canal en YouTube<\/h2>\n\n\n\n<p>Agregamos contenido \u00fatil para que puedas tener un mejor entendimiento de tu instalaci\u00f3n<\/p>\n\n\n\n<div class=\"wp-block-buttons is-layout-flex wp-block-buttons-is-layout-flex\">\n<div class=\"wp-block-button\"><a class=\"wp-block-button__link wp-element-button\" href=\"https:\/\/www.youtube.com\/@mitosynormas\" target=\"_blank\" rel=\"noreferrer noopener\">Ir al canal<\/a><\/div>\n<\/div>\n<\/div>\n<\/div>\n<\/div>\n\n\n\n<div class=\"wp-block-group alignfull has-base-color has-contrast-background-color has-text-color has-background has-link-color wp-elements-234cac0ac839b8044ff0144ad85ef83d has-global-padding is-layout-constrained wp-container-core-group-is-layout-d89aad35 wp-block-group-is-layout-constrained\" style=\"margin-top:0;margin-bottom:0;padding-top:var(--wp--preset--spacing--50);padding-right:var(--wp--preset--spacing--50);padding-bottom:var(--wp--preset--spacing--50);padding-left:var(--wp--preset--spacing--50)\">\n<div class=\"wp-block-group alignwide is-layout-flow wp-block-group-is-layout-flow\">\n<hr class=\"wp-block-separator has-text-color has-base-color has-alpha-channel-opacity has-base-background-color has-background is-style-wide\"\/>\n\n\n\n<div style=\"margin-top:var(--wp--preset--spacing--10);margin-bottom:0;height:var(--wp--preset--spacing--10)\" aria-hidden=\"true\" class=\"wp-block-spacer\"><\/div>\n<\/div>\n<\/div>\n","protected":false},"excerpt":{"rendered":"<p>El Gas L.P. es un poderoso energ\u00e9tico que debe ser almacenado, conducido y utilizado bajo estrictas normas de seguridad. Utilice solo unidades de verificaci\u00f3n acreditadas por la Sener. El Mtro. Jos\u00e9 \u00d3scar Rom\u00e1n Rodr\u00edguez, titular de la Unidad de Verificaci\u00f3n, est\u00e1 ACREDITADO por la Entidad Mexicana de Acreditaci\u00f3n y APROBADO por la Secretar\u00eda de Energ\u00eda, [&hellip;]<\/p>\n","protected":false},"author":1,"featured_media":0,"parent":0,"menu_order":0,"comment_status":"closed","ping_status":"closed","template":"","meta":{"footnotes":""},"class_list":["post-8","page","type-page","status-publish","hentry"],"yoast_head":"<!-- This site is optimized with the Yoast SEO plugin v22.8 - https:\/\/yoast.com\/wordpress\/plugins\/seo\/ -->\n<title>Unidad de Verificaci\u00f3n - Inspecci\u00f3n de Instalaciones de Gas<\/title>\n<meta name=\"description\" content=\"En UVRoman tenemos las certificaci\u00f3n y aprobaci\u00f3n por parte de la Sener para poder emitir un veredicto respecto a su instalaci\u00f3n de gas.\" \/>\n<meta name=\"robots\" content=\"index, follow, max-snippet:-1, max-image-preview:large, max-video-preview:-1\" \/>\n<link rel=\"canonical\" href=\"https:\/\/uvroman.com\/gas\/index.php\/unidad-aprobada-de-verificacion\/\" \/>\n<meta property=\"og:locale\" content=\"es_ES\" \/>\n<meta property=\"og:type\" content=\"article\" \/>\n<meta property=\"og:title\" content=\"Unidad de Verificaci\u00f3n - Inspecci\u00f3n de Instalaciones de Gas\" \/>\n<meta property=\"og:description\" content=\"En UVRoman tenemos las certificaci\u00f3n y aprobaci\u00f3n por parte de la Sener para poder emitir un veredicto respecto a su instalaci\u00f3n de gas.\" \/>\n<meta property=\"og:url\" content=\"https:\/\/uvroman.com\/gas\/index.php\/unidad-aprobada-de-verificacion\/\" \/>\n<meta property=\"og:site_name\" content=\"Inspecci\u00f3n de Instalaciones de Gas\" \/>\n<meta property=\"article:modified_time\" content=\"2024-01-11T16:50:23+00:00\" \/>\n<meta property=\"og:image\" content=\"https:\/\/uvroman.com\/gas\/wp-content\/themes\/twentytwentyfour\/assets\/images\/museum.webp\" \/>\n<meta name=\"twitter:card\" content=\"summary_large_image\" \/>\n<meta name=\"twitter:label1\" content=\"Tiempo de lectura\" \/>\n\t<meta name=\"twitter:data1\" content=\"2 minutos\" \/>\n<script type=\"application\/ld+json\" class=\"yoast-schema-graph\">{\"@context\":\"https:\/\/schema.org\",\"@graph\":[{\"@type\":\"WebPage\",\"@id\":\"https:\/\/uvroman.com\/gas\/index.php\/unidad-aprobada-de-verificacion\/\",\"url\":\"https:\/\/uvroman.com\/gas\/index.php\/unidad-aprobada-de-verificacion\/\",\"name\":\"Unidad de Verificaci\u00f3n - Inspecci\u00f3n de Instalaciones de Gas\",\"isPartOf\":{\"@id\":\"https:\/\/uvroman.com\/gas\/#website\"},\"primaryImageOfPage\":{\"@id\":\"https:\/\/uvroman.com\/gas\/index.php\/unidad-aprobada-de-verificacion\/#primaryimage\"},\"image\":{\"@id\":\"https:\/\/uvroman.com\/gas\/index.php\/unidad-aprobada-de-verificacion\/#primaryimage\"},\"thumbnailUrl\":\"https:\/\/uvroman.com\/gas\/wp-content\/themes\/twentytwentyfour\/assets\/images\/museum.webp\",\"datePublished\":\"2024-01-11T02:27:45+00:00\",\"dateModified\":\"2024-01-11T16:50:23+00:00\",\"description\":\"En UVRoman tenemos las certificaci\u00f3n y aprobaci\u00f3n por parte de la Sener para poder emitir un veredicto respecto a su instalaci\u00f3n de gas.\",\"breadcrumb\":{\"@id\":\"https:\/\/uvroman.com\/gas\/index.php\/unidad-aprobada-de-verificacion\/#breadcrumb\"},\"inLanguage\":\"es\",\"potentialAction\":[{\"@type\":\"ReadAction\",\"target\":[\"https:\/\/uvroman.com\/gas\/index.php\/unidad-aprobada-de-verificacion\/\"]}]},{\"@type\":\"ImageObject\",\"inLanguage\":\"es\",\"@id\":\"https:\/\/uvroman.com\/gas\/index.php\/unidad-aprobada-de-verificacion\/#primaryimage\",\"url\":\"https:\/\/uvroman.com\/gas\/wp-content\/themes\/twentytwentyfour\/assets\/images\/museum.webp\",\"contentUrl\":\"https:\/\/uvroman.com\/gas\/wp-content\/themes\/twentytwentyfour\/assets\/images\/museum.webp\"},{\"@type\":\"BreadcrumbList\",\"@id\":\"https:\/\/uvroman.com\/gas\/index.php\/unidad-aprobada-de-verificacion\/#breadcrumb\",\"itemListElement\":[{\"@type\":\"ListItem\",\"position\":1,\"name\":\"Portada\",\"item\":\"https:\/\/uvroman.com\/gas\/\"},{\"@type\":\"ListItem\",\"position\":2,\"name\":\"Unidad de Verificaci\u00f3n\"}]},{\"@type\":\"WebSite\",\"@id\":\"https:\/\/uvroman.com\/gas\/#website\",\"url\":\"https:\/\/uvroman.com\/gas\/\",\"name\":\"Inspecci\u00f3n de Instalaciones de Gas\",\"description\":\"\",\"potentialAction\":[{\"@type\":\"SearchAction\",\"target\":{\"@type\":\"EntryPoint\",\"urlTemplate\":\"https:\/\/uvroman.com\/gas\/?s={search_term_string}\"},\"query-input\":\"required name=search_term_string\"}],\"inLanguage\":\"es\"}]}<\/script>\n<!-- \/ Yoast SEO plugin. -->","yoast_head_json":{"title":"Unidad de Verificaci\u00f3n - Inspecci\u00f3n de Instalaciones de Gas","description":"En UVRoman tenemos las certificaci\u00f3n y aprobaci\u00f3n por parte de la Sener para poder emitir un veredicto respecto a su instalaci\u00f3n de gas.","robots":{"index":"index","follow":"follow","max-snippet":"max-snippet:-1","max-image-preview":"max-image-preview:large","max-video-preview":"max-video-preview:-1"},"canonical":"https:\/\/uvroman.com\/gas\/index.php\/unidad-aprobada-de-verificacion\/","og_locale":"es_ES","og_type":"article","og_title":"Unidad de Verificaci\u00f3n - Inspecci\u00f3n de Instalaciones de Gas","og_description":"En UVRoman tenemos las certificaci\u00f3n y aprobaci\u00f3n por parte de la Sener para poder emitir un veredicto respecto a su instalaci\u00f3n de gas.","og_url":"https:\/\/uvroman.com\/gas\/index.php\/unidad-aprobada-de-verificacion\/","og_site_name":"Inspecci\u00f3n de Instalaciones de Gas","article_modified_time":"2024-01-11T16:50:23+00:00","og_image":[{"url":"https:\/\/uvroman.com\/gas\/wp-content\/themes\/twentytwentyfour\/assets\/images\/museum.webp"}],"twitter_card":"summary_large_image","twitter_misc":{"Tiempo de lectura":"2 minutos"},"schema":{"@context":"https:\/\/schema.org","@graph":[{"@type":"WebPage","@id":"https:\/\/uvroman.com\/gas\/index.php\/unidad-aprobada-de-verificacion\/","url":"https:\/\/uvroman.com\/gas\/index.php\/unidad-aprobada-de-verificacion\/","name":"Unidad de Verificaci\u00f3n - Inspecci\u00f3n de Instalaciones de Gas","isPartOf":{"@id":"https:\/\/uvroman.com\/gas\/#website"},"primaryImageOfPage":{"@id":"https:\/\/uvroman.com\/gas\/index.php\/unidad-aprobada-de-verificacion\/#primaryimage"},"image":{"@id":"https:\/\/uvroman.com\/gas\/index.php\/unidad-aprobada-de-verificacion\/#primaryimage"},"thumbnailUrl":"https:\/\/uvroman.com\/gas\/wp-content\/themes\/twentytwentyfour\/assets\/images\/museum.webp","datePublished":"2024-01-11T02:27:45+00:00","dateModified":"2024-01-11T16:50:23+00:00","description":"En UVRoman tenemos las certificaci\u00f3n y aprobaci\u00f3n por parte de la Sener para poder emitir un veredicto respecto a su instalaci\u00f3n de gas.","breadcrumb":{"@id":"https:\/\/uvroman.com\/gas\/index.php\/unidad-aprobada-de-verificacion\/#breadcrumb"},"inLanguage":"es","potentialAction":[{"@type":"ReadAction","target":["https:\/\/uvroman.com\/gas\/index.php\/unidad-aprobada-de-verificacion\/"]}]},{"@type":"ImageObject","inLanguage":"es","@id":"https:\/\/uvroman.com\/gas\/index.php\/unidad-aprobada-de-verificacion\/#primaryimage","url":"https:\/\/uvroman.com\/gas\/wp-content\/themes\/twentytwentyfour\/assets\/images\/museum.webp","contentUrl":"https:\/\/uvroman.com\/gas\/wp-content\/themes\/twentytwentyfour\/assets\/images\/museum.webp"},{"@type":"BreadcrumbList","@id":"https:\/\/uvroman.com\/gas\/index.php\/unidad-aprobada-de-verificacion\/#breadcrumb","itemListElement":[{"@type":"ListItem","position":1,"name":"Portada","item":"https:\/\/uvroman.com\/gas\/"},{"@type":"ListItem","position":2,"name":"Unidad de Verificaci\u00f3n"}]},{"@type":"WebSite","@id":"https:\/\/uvroman.com\/gas\/#website","url":"https:\/\/uvroman.com\/gas\/","name":"Inspecci\u00f3n de Instalaciones de Gas","description":"","potentialAction":[{"@type":"SearchAction","target":{"@type":"EntryPoint","urlTemplate":"https:\/\/uvroman.com\/gas\/?s={search_term_string}"},"query-input":"required name=search_term_string"}],"inLanguage":"es"}]}},"_links":{"self":[{"href":"https:\/\/uvroman.com\/gas\/index.php\/wp-json\/wp\/v2\/pages\/8","targetHints":{"allow":["GET"]}}],"collection":[{"href":"https:\/\/uvroman.com\/gas\/index.php\/wp-json\/wp\/v2\/pages"}],"about":[{"href":"https:\/\/uvroman.com\/gas\/index.php\/wp-json\/wp\/v2\/types\/page"}],"author":[{"embeddable":true,"href":"https:\/\/uvroman.com\/gas\/index.php\/wp-json\/wp\/v2\/users\/1"}],"replies":[{"embeddable":true,"href":"https:\/\/uvroman.com\/gas\/index.php\/wp-json\/wp\/v2\/comments?post=8"}],"version-history":[{"count":2,"href":"https:\/\/uvroman.com\/gas\/index.php\/wp-json\/wp\/v2\/pages\/8\/revisions"}],"predecessor-version":[{"id":12,"href":"https:\/\/uvroman.com\/gas\/index.php\/wp-json\/wp\/v2\/pages\/8\/revisions\/12"}],"wp:attachment":[{"href":"https:\/\/uvroman.com\/gas\/index.php\/wp-json\/wp\/v2\/media?parent=8"}],"curies":[{"name":"wp","href":"https:\/\/api.w.org\/{rel}","templated":true}]}}